{"id":1376,"date":"2015-09-13T18:49:59","date_gmt":"2015-09-13T18:49:59","guid":{"rendered":"https:\/\/www.solidarnosc.org.pl\/bbial\/archiwumstrony\/?page_id=1376"},"modified":"2024-01-16T16:49:46","modified_gmt":"2024-01-16T15:49:46","slug":"dzial-rozwoju-zwiazku","status":"publish","type":"page","link":"https:\/\/www.solidarnosc.org.pl\/bbial\/archiwumstrony\/dzial-rozwoju-zwiazku\/","title":{"rendered":"Dzia\u0142 Rozwoju Zwi\u0105zku"},"content":{"rendered":"\t\t<div data-elementor-type=\"wp-page\" data-elementor-id=\"1376\" class=\"elementor elementor-1376\">\n\t\t\t\t\t\t\t\t\t<section class=\"elementor-section elementor-top-section elementor-element elementor-element-75bbbc00 elementor-section-full_width elementor-section-height-default elementor-section-height-default\" data-id=\"75bbbc00\" data-element_type=\"section\">\n\t\t\t\t\t\t<div class=\"elementor-container elementor-column-gap-default\">\n\t\t\t\t\t<div class=\"elementor-column elementor-col-100 elementor-top-column elementor-element elementor-element-5292207\" data-id=\"5292207\" data-element_type=\"column\">\n\t\t\t<div class=\"elementor-widget-wrap elementor-element-populated\">\n\t\t\t\t\t\t\t\t<section class=\"elementor-section elementor-inner-section elementor-element elementor-element-78239e9f elementor-section-boxed elementor-section-height-default elementor-section-height-default\" data-id=\"78239e9f\" data-element_type=\"section\">\n\t\t\t\t\t\t<div class=\"elementor-container elementor-column-gap-default\">\n\t\t\t\t\t<div class=\"elementor-column elementor-col-50 elementor-inner-column elementor-element elementor-element-61c6f4c8\" data-id=\"61c6f4c8\" data-element_type=\"column\">\n\t\t\t<div class=\"elementor-widget-wrap elementor-element-populated\">\n\t\t\t\t\t\t\t\t<div class=\"elementor-element elementor-element-7e2c354f elementor-widget elementor-widget-text-editor\" data-id=\"7e2c354f\" data-element_type=\"widget\" data-widget_type=\"text-editor.default\">\n\t\t\t\t<div class=\"elementor-widget-container\">\n\t\t\t<style>\/*! elementor - v3.16.0 - 17-10-2023 *\/\n.elementor-widget-text-editor.elementor-drop-cap-view-stacked .elementor-drop-cap{background-color:#69727d;color:#fff}.elementor-widget-text-editor.elementor-drop-cap-view-framed .elementor-drop-cap{color:#69727d;border:3px solid;background-color:transparent}.elementor-widget-text-editor:not(.elementor-drop-cap-view-default) .elementor-drop-cap{margin-top:8px}.elementor-widget-text-editor:not(.elementor-drop-cap-view-default) .elementor-drop-cap-letter{width:1em;height:1em}.elementor-widget-text-editor .elementor-drop-cap{float:left;text-align:center;line-height:1;font-size:50px}.elementor-widget-text-editor .elementor-drop-cap-letter{display:inline-block}<\/style>\t\t\t\t<h3><b>Dzia\u0142 Rozwoju Zwi\u0105zku<br \/><div class=\"su-divider su-divider-style-default\" style=\"margin:15px 0;border-width:3px;border-color:#054c73\"><\/div><\/b><\/h3>\n<p><a href=\"\" target=\"_self\"><i class=\"fa i_box  fa-bookmark size_tiny \" style=\"border:1px solid #FFFFFF;  background:#1e73be; border-radius:1000px;  color:#ffffff; margin:0px;\"><\/i><\/a> <span style=\"font-size: 12pt;\">Pok\u00f3j nr 13<\/span><\/p>\n<p><a href=\"\" target=\"_self\"><i class=\"fa i_box  fa-phone-square size_tiny \" style=\" background:#1e73be; border-radius:1000px;  color:#ffffff; margin:0px;\"><\/i><\/a> <span style=\"font-size: 12pt;\"><strong>tel.<\/strong> +48\u00a033 812 67 90, wewn\u0119trzny: 22<\/span><\/p>\n<p><strong><a href=\"\" target=\"_self\"><i class=\"fa i_box  fa-keyboard-o size_tiny \" style=\" background:#1e73be; border-radius:1000px;  color:#ffffff; margin:0px;\"><\/i><\/a> <span style=\"font-size: 12pt;\"><b>e-mail:\u00a0<\/b><\/span><\/strong><span style=\"font-size: 12pt;\">drz.bbial@solidarnosc.org.pl<\/span><\/p>\n<hr \/>\n<h4><strong>Uwaga !<\/strong><\/h4>\n<p>Wszystkie osoby, kt\u00f3re nie posiadaj\u0105 w swoim miejscu pracy organizacji zwi\u0105zkowej NSZZ \u201eSolidarno\u015b\u0107\u201d lub obecnie nie pracuj\u0105, mog\u0105 zapisa\u0107 si\u0119 do <strong>Terenowej Organizacji Zwi\u0105zkowej<\/strong>, dzia\u0142aj\u0105cej przy Zarz\u0105dzie Regionu Podbeskidzie.<\/p>\n<hr \/>\n<h4><strong>Dokumenty potrzebne do za\u0142o\u017cenia nowej organizacji zwi\u0105zkowej:<\/strong><\/h4>\n<p><strong>Etap 1<\/strong><br \/><a href=\"https:\/\/www.solidarnosc.org.pl\/bbial\/archiwumstrony\/archiwumstrony\/wp-content\/uploads\/2020\/11\/etap_1_korekta.rtf\">Lista os\u00f3b<\/a><\/p>\n<p><strong>Etap 2<\/strong><br \/><a href=\"https:\/\/www.solidarnosc.org.pl\/bbial\/archiwumstrony\/archiwumstrony\/wp-content\/uploads\/2020\/11\/etap_2_korekta.rtf\">Uchwa\u0142a ws. za\u0142o\u017cenia organizacji zwi\u0105zkowej<\/a><\/p>\n<p><strong>Etap 3<\/strong><br \/><a href=\"https:\/\/www.solidarnosc.org.pl\/bbial\/archiwumstrony\/archiwumstrony\/wp-content\/uploads\/2020\/11\/Wniosek-o-rejestracj\u0119-nowej-organizacji-w-Regionie-Podbeskidzie-1.doc\">Wniosek o zarejestrowanie organizacji zwi\u0105zkowej w Regionie Podbeskidzie<\/a><br \/><a href=\"https:\/\/www.solidarnosc.org.pl\/bbial\/archiwumstrony\/archiwumstrony\/wp-content\/uploads\/2020\/11\/skladki_wniosek.doc\">Wniosek ws. przekazywania sk\u0142adki zwi\u0105zkowej na rachunki bankowe<\/a><\/p>\n<p><div class=\"su-divider su-divider-style-default\" style=\"margin:15px 0;border-width:3px;border-color:#054c73\"><\/div><\/p>\t\t\t\t\t\t<\/div>\n\t\t\t\t<\/div>\n\t\t\t\t\t<\/div>\n\t\t<\/div>\n\t\t\t\t<div class=\"elementor-column elementor-col-50 elementor-inner-column elementor-element elementor-element-2ea12e31\" data-id=\"2ea12e31\" data-element_type=\"column\" data-settings=\"{&quot;background_background&quot;:&quot;classic&quot;}\">\n\t\t\t<div class=\"elementor-widget-wrap elementor-element-populated\">\n\t\t\t\t\t\t\t\t<div class=\"elementor-element elementor-element-167ff2fd elementor-widget elementor-widget-heading\" data-id=\"167ff2fd\" data-element_type=\"widget\" data-widget_type=\"heading.default\">\n\t\t\t\t<div class=\"elementor-widget-container\">\n\t\t\t<style>\/*! elementor - v3.16.0 - 17-10-2023 *\/\n.elementor-heading-title{padding:0;margin:0;line-height:1}.elementor-widget-heading .elementor-heading-title[class*=elementor-size-]>a{color:inherit;font-size:inherit;line-height:inherit}.elementor-widget-heading .elementor-heading-title.elementor-size-small{font-size:15px}.elementor-widget-heading .elementor-heading-title.elementor-size-medium{font-size:19px}.elementor-widget-heading .elementor-heading-title.elementor-size-large{font-size:29px}.elementor-widget-heading .elementor-heading-title.elementor-size-xl{font-size:39px}.elementor-widget-heading .elementor-heading-title.elementor-size-xxl{font-size:59px}<\/style><h2 class=\"elementor-heading-title elementor-size-default\">Koordynator\u200b<\/h2>\t\t<\/div>\n\t\t\t\t<\/div>\n\t\t\t\t<div class=\"elementor-element elementor-element-6ea9bed3 elementor-widget elementor-widget-image\" data-id=\"6ea9bed3\" data-element_type=\"widget\" data-widget_type=\"image.default\">\n\t\t\t\t<div class=\"elementor-widget-container\">\n\t\t\t<style>\/*! elementor - v3.16.0 - 17-10-2023 *\/\n.elementor-widget-image{text-align:center}.elementor-widget-image a{display:inline-block}.elementor-widget-image a img[src$=\".svg\"]{width:48px}.elementor-widget-image img{vertical-align:middle;display:inline-block}<\/style>\t\t\t\t\t\t\t\t\t\t\t\t<img width=\"599\" height=\"599\" src=\"https:\/\/www.solidarnosc.org.pl\/bbial\/archiwumstrony\/wp-content\/uploads\/2024\/01\/piotr_golab.png\" class=\"attachment-full size-full wp-image-34741\" alt=\"\" srcset=\"https:\/\/www.solidarnosc.org.pl\/bbial\/archiwumstrony\/wp-content\/uploads\/2024\/01\/piotr_golab.png 599w, https:\/\/www.solidarnosc.org.pl\/bbial\/archiwumstrony\/wp-content\/uploads\/2024\/01\/piotr_golab-300x300.png 300w, https:\/\/www.solidarnosc.org.pl\/bbial\/archiwumstrony\/wp-content\/uploads\/2024\/01\/piotr_golab-150x150.png 150w, https:\/\/www.solidarnosc.org.pl\/bbial\/archiwumstrony\/wp-content\/uploads\/2024\/01\/piotr_golab-125x125.png 125w, https:\/\/www.solidarnosc.org.pl\/bbial\/archiwumstrony\/wp-content\/uploads\/2024\/01\/piotr_golab-342x342.png 342w, https:\/\/www.solidarnosc.org.pl\/bbial\/archiwumstrony\/wp-content\/uploads\/2024\/01\/piotr_golab-75x75.png 75w, https:\/\/www.solidarnosc.org.pl\/bbial\/archiwumstrony\/wp-content\/uploads\/2024\/01\/piotr_golab-48x48.png 48w\" sizes=\"(max-width: 599px) 100vw, 599px\" \/>\t\t\t\t\t\t\t\t\t\t\t\t\t\t\t<\/div>\n\t\t\t\t<\/div>\n\t\t\t\t<div class=\"elementor-element elementor-element-6358da93 elementor-position-left elementor-view-default elementor-mobile-position-top elementor-vertical-align-top elementor-widget elementor-widget-icon-box\" data-id=\"6358da93\" data-element_type=\"widget\" data-widget_type=\"icon-box.default\">\n\t\t\t\t<div class=\"elementor-widget-container\">\n\t\t\t<link rel=\"stylesheet\" href=\"https:\/\/www.solidarnosc.org.pl\/bbial\/archiwumstrony\/wp-content\/plugins\/elementor\/assets\/css\/widget-icon-box.min.css\">\t\t<div class=\"elementor-icon-box-wrapper\">\n\t\t\t\t\t\t<div class=\"elementor-icon-box-icon\">\n\t\t\t\t<span  class=\"elementor-icon elementor-animation-\">\n\t\t\t\t<i aria-hidden=\"true\" class=\"fas fa-tag\"><\/i>\t\t\t\t<\/span>\n\t\t\t<\/div>\n\t\t\t\t\t\t<div class=\"elementor-icon-box-content\">\n\t\t\t\t<h3 class=\"elementor-icon-box-title\">\n\t\t\t\t\t<span  >\n\t\t\t\t\t\tPiotr Go\u0142\u0105b\t\t\t\t\t<\/span>\n\t\t\t\t<\/h3>\n\t\t\t\t\t\t\t\t\t<p class=\"elementor-icon-box-description\">\n\t\t\t\t\t\ttel. 530 760 060<br>email: <b><a href=\"mailto:pgolab5@wp.pl\">pgolab5@wp.pl<\/a><\/b>\t\t\t\t\t<\/p>\n\t\t\t\t\t\t\t<\/div>\n\t\t<\/div>\n\t\t\t\t<\/div>\n\t\t\t\t<\/div>\n\t\t\t\t\t<\/div>\n\t\t<\/div>\n\t\t\t\t\t\t\t<\/div>\n\t\t<\/section>\n\t\t\t\t\t<\/div>\n\t\t<\/div>\n\t\t\t\t\t\t\t<\/div>\n\t\t<\/section>\n\t\t\t\t\t\t\t<\/div>\n\t\t","protected":false},"excerpt":{"rendered":"<p>Dzia\u0142 Rozwoju Zwi\u0105zku Pok\u00f3j nr 13 tel. +48\u00a033 812 67 90, wewn\u0119trzny: 22 e-mail:\u00a0drz.bbial@solidarnosc.org.pl Uwaga ! Wszystkie osoby, kt\u00f3re nie posiadaj\u0105 w swoim miejscu pracy organizacji zwi\u0105zkowej NSZZ \u201eSolidarno\u015b\u0107\u201d lub obecnie nie pracuj\u0105, mog\u0105 zapisa\u0107 si\u0119 do Terenowej Organizacji Zwi\u0105zkowej, dzia\u0142aj\u0105cej przy Zarz\u0105dzie Regionu Podbeskidzie. Dokumenty potrzebne do za\u0142o\u017cenia nowej organizacji zwi\u0105zkowej: Etap 1Lista os\u00f3b [&hellip;]<\/p>\n","protected":false},"author":1,"featured_media":0,"parent":0,"menu_order":0,"comment_status":"open","ping_status":"open","template":"","meta":{"_links_to":"","_links_to_target":""},"yoast_head":"<!-- This site is optimized with the Yoast SEO plugin v20.6-RC4 - https:\/\/yoast.com\/wordpress\/plugins\/seo\/ -->\n<title>&#032;-&#032; Dzia\u0142 Rozwoju Zwi\u0105zku<\/title>\n<meta name=\"robots\" content=\"index, follow, max-snippet:-1, max-image-preview:large, max-video-preview:-1\" \/>\n<link rel=\"canonical\" href=\"https:\/\/www.solidarnosc.org.pl\/bbial\/archiwumstrony\/dzial-rozwoju-zwiazku\/\" \/>\n<meta property=\"og:locale\" content=\"pl_PL\" \/>\n<meta property=\"og:type\" content=\"article\" \/>\n<meta property=\"og:title\" content=\"&#032;-&#032; Dzia\u0142 Rozwoju Zwi\u0105zku\" \/>\n<meta property=\"og:description\" content=\"Dzia\u0142 Rozwoju Zwi\u0105zku Pok\u00f3j nr 13 tel. +48\u00a033 812 67 90, wewn\u0119trzny: 22 e-mail:\u00a0drz.bbial@solidarnosc.org.pl Uwaga ! Wszystkie osoby, kt\u00f3re nie posiadaj\u0105 w swoim miejscu pracy organizacji zwi\u0105zkowej NSZZ \u201eSolidarno\u015b\u0107\u201d lub obecnie nie pracuj\u0105, mog\u0105 zapisa\u0107 si\u0119 do Terenowej Organizacji Zwi\u0105zkowej, dzia\u0142aj\u0105cej przy Zarz\u0105dzie Regionu Podbeskidzie. Dokumenty potrzebne do za\u0142o\u017cenia nowej organizacji zwi\u0105zkowej: Etap 1Lista os\u00f3b [&hellip;]\" \/>\n<meta property=\"og:url\" content=\"https:\/\/www.solidarnosc.org.pl\/bbial\/archiwumstrony\/dzial-rozwoju-zwiazku\/\" \/>\n<meta property=\"og:site_name\" content=\"NSZZ SOLIDARNO\u015a\u0106\" \/>\n<meta property=\"article:publisher\" content=\"https:\/\/www.facebook.com\/RegionPodbeskidzieNSZZSolidarnosc\/?locale=pl_PL\" \/>\n<meta property=\"article:modified_time\" content=\"2024-01-16T15:49:46+00:00\" \/>\n<meta property=\"og:image\" content=\"https:\/\/www.solidarnosc.org.pl\/bbial\/archiwumstrony\/wp-content\/uploads\/2024\/01\/piotr_golab.png\" \/>\n<meta name=\"twitter:card\" content=\"summary_large_image\" \/>\n<meta name=\"twitter:label1\" content=\"Szacowany czas czytania\" \/>\n\t<meta name=\"twitter:data1\" content=\"1 minuta\" \/>\n<script type=\"application\/ld+json\" class=\"yoast-schema-graph\">{\"@context\":\"https:\/\/schema.org\",\"@graph\":[{\"@type\":\"WebPage\",\"@id\":\"https:\/\/www.solidarnosc.org.pl\/bbial\/archiwumstrony\/dzial-rozwoju-zwiazku\/\",\"url\":\"https:\/\/www.solidarnosc.org.pl\/bbial\/archiwumstrony\/dzial-rozwoju-zwiazku\/\",\"name\":\"&#32;-&#32; Dzia\u0142 Rozwoju Zwi\u0105zku\",\"isPartOf\":{\"@id\":\"https:\/\/www.solidarnosc.org.pl\/bbial\/archiwumstrony\/#website\"},\"datePublished\":\"2015-09-13T18:49:59+00:00\",\"dateModified\":\"2024-01-16T15:49:46+00:00\",\"breadcrumb\":{\"@id\":\"https:\/\/www.solidarnosc.org.pl\/bbial\/archiwumstrony\/dzial-rozwoju-zwiazku\/#breadcrumb\"},\"inLanguage\":\"pl-PL\",\"potentialAction\":[{\"@type\":\"ReadAction\",\"target\":[\"https:\/\/www.solidarnosc.org.pl\/bbial\/archiwumstrony\/dzial-rozwoju-zwiazku\/\"]}]},{\"@type\":\"BreadcrumbList\",\"@id\":\"https:\/\/www.solidarnosc.org.pl\/bbial\/archiwumstrony\/dzial-rozwoju-zwiazku\/#breadcrumb\",\"itemListElement\":[{\"@type\":\"ListItem\",\"position\":1,\"name\":\"Strona g\u0142\u00f3wna\",\"item\":\"https:\/\/www.solidarnosc.org.pl\/bbial\/archiwumstrony\/\"},{\"@type\":\"ListItem\",\"position\":2,\"name\":\"Dzia\u0142 Rozwoju Zwi\u0105zku\"}]},{\"@type\":\"WebSite\",\"@id\":\"https:\/\/www.solidarnosc.org.pl\/bbial\/archiwumstrony\/#website\",\"url\":\"https:\/\/www.solidarnosc.org.pl\/bbial\/archiwumstrony\/\",\"name\":\"NSZZ SOLIDARNO\u015a\u0106\",\"description\":\"Region Podbeskidzie\",\"publisher\":{\"@id\":\"https:\/\/www.solidarnosc.org.pl\/bbial\/archiwumstrony\/#organization\"},\"potentialAction\":[{\"@type\":\"SearchAction\",\"target\":{\"@type\":\"EntryPoint\",\"urlTemplate\":\"https:\/\/www.solidarnosc.org.pl\/bbial\/archiwumstrony\/?s={search_term_string}\"},\"query-input\":\"required name=search_term_string\"}],\"inLanguage\":\"pl-PL\"},{\"@type\":\"Organization\",\"@id\":\"https:\/\/www.solidarnosc.org.pl\/bbial\/archiwumstrony\/#organization\",\"name\":\"NSZZ SOLIDARNO\u015a\u0106\",\"url\":\"https:\/\/www.solidarnosc.org.pl\/bbial\/archiwumstrony\/\",\"logo\":{\"@type\":\"ImageObject\",\"inLanguage\":\"pl-PL\",\"@id\":\"https:\/\/www.solidarnosc.org.pl\/bbial\/archiwumstrony\/#\/schema\/logo\/image\/\",\"url\":\"https:\/\/www.solidarnosc.org.pl\/bbial\/archiwumstrony\/wp-content\/uploads\/2023\/10\/logo-nszz-s-podeskidzie.jpg\",\"contentUrl\":\"https:\/\/www.solidarnosc.org.pl\/bbial\/archiwumstrony\/wp-content\/uploads\/2023\/10\/logo-nszz-s-podeskidzie.jpg\",\"width\":1626,\"height\":1030,\"caption\":\"NSZZ SOLIDARNO\u015a\u0106\"},\"image\":{\"@id\":\"https:\/\/www.solidarnosc.org.pl\/bbial\/archiwumstrony\/#\/schema\/logo\/image\/\"},\"sameAs\":[\"https:\/\/www.facebook.com\/RegionPodbeskidzieNSZZSolidarnosc\/?locale=pl_PL\"]}]}<\/script>\n<!-- \/ Yoast SEO plugin. -->","yoast_head_json":{"title":"&#32;-&#32; Dzia\u0142 Rozwoju Zwi\u0105zku","robots":{"index":"index","follow":"follow","max-snippet":"max-snippet:-1","max-image-preview":"max-image-preview:large","max-video-preview":"max-video-preview:-1"},"canonical":"https:\/\/www.solidarnosc.org.pl\/bbial\/archiwumstrony\/dzial-rozwoju-zwiazku\/","og_locale":"pl_PL","og_type":"article","og_title":"&#32;-&#32; Dzia\u0142 Rozwoju Zwi\u0105zku","og_description":"Dzia\u0142 Rozwoju Zwi\u0105zku Pok\u00f3j nr 13 tel. +48\u00a033 812 67 90, wewn\u0119trzny: 22 e-mail:\u00a0drz.bbial@solidarnosc.org.pl Uwaga ! Wszystkie osoby, kt\u00f3re nie posiadaj\u0105 w swoim miejscu pracy organizacji zwi\u0105zkowej NSZZ \u201eSolidarno\u015b\u0107\u201d lub obecnie nie pracuj\u0105, mog\u0105 zapisa\u0107 si\u0119 do Terenowej Organizacji Zwi\u0105zkowej, dzia\u0142aj\u0105cej przy Zarz\u0105dzie Regionu Podbeskidzie. Dokumenty potrzebne do za\u0142o\u017cenia nowej organizacji zwi\u0105zkowej: Etap 1Lista os\u00f3b [&hellip;]","og_url":"https:\/\/www.solidarnosc.org.pl\/bbial\/archiwumstrony\/dzial-rozwoju-zwiazku\/","og_site_name":"NSZZ SOLIDARNO\u015a\u0106","article_publisher":"https:\/\/www.facebook.com\/RegionPodbeskidzieNSZZSolidarnosc\/?locale=pl_PL","article_modified_time":"2024-01-16T15:49:46+00:00","og_image":[{"url":"https:\/\/www.solidarnosc.org.pl\/bbial\/archiwumstrony\/wp-content\/uploads\/2024\/01\/piotr_golab.png"}],"twitter_card":"summary_large_image","twitter_misc":{"Szacowany czas czytania":"1 minuta"},"schema":{"@context":"https:\/\/schema.org","@graph":[{"@type":"WebPage","@id":"https:\/\/www.solidarnosc.org.pl\/bbial\/archiwumstrony\/dzial-rozwoju-zwiazku\/","url":"https:\/\/www.solidarnosc.org.pl\/bbial\/archiwumstrony\/dzial-rozwoju-zwiazku\/","name":"&#32;-&#32; Dzia\u0142 Rozwoju Zwi\u0105zku","isPartOf":{"@id":"https:\/\/www.solidarnosc.org.pl\/bbial\/archiwumstrony\/#website"},"datePublished":"2015-09-13T18:49:59+00:00","dateModified":"2024-01-16T15:49:46+00:00","breadcrumb":{"@id":"https:\/\/www.solidarnosc.org.pl\/bbial\/archiwumstrony\/dzial-rozwoju-zwiazku\/#breadcrumb"},"inLanguage":"pl-PL","potentialAction":[{"@type":"ReadAction","target":["https:\/\/www.solidarnosc.org.pl\/bbial\/archiwumstrony\/dzial-rozwoju-zwiazku\/"]}]},{"@type":"BreadcrumbList","@id":"https:\/\/www.solidarnosc.org.pl\/bbial\/archiwumstrony\/dzial-rozwoju-zwiazku\/#breadcrumb","itemListElement":[{"@type":"ListItem","position":1,"name":"Strona g\u0142\u00f3wna","item":"https:\/\/www.solidarnosc.org.pl\/bbial\/archiwumstrony\/"},{"@type":"ListItem","position":2,"name":"Dzia\u0142 Rozwoju Zwi\u0105zku"}]},{"@type":"WebSite","@id":"https:\/\/www.solidarnosc.org.pl\/bbial\/archiwumstrony\/#website","url":"https:\/\/www.solidarnosc.org.pl\/bbial\/archiwumstrony\/","name":"NSZZ SOLIDARNO\u015a\u0106","description":"Region Podbeskidzie","publisher":{"@id":"https:\/\/www.solidarnosc.org.pl\/bbial\/archiwumstrony\/#organization"},"potentialAction":[{"@type":"SearchAction","target":{"@type":"EntryPoint","urlTemplate":"https:\/\/www.solidarnosc.org.pl\/bbial\/archiwumstrony\/?s={search_term_string}"},"query-input":"required name=search_term_string"}],"inLanguage":"pl-PL"},{"@type":"Organization","@id":"https:\/\/www.solidarnosc.org.pl\/bbial\/archiwumstrony\/#organization","name":"NSZZ SOLIDARNO\u015a\u0106","url":"https:\/\/www.solidarnosc.org.pl\/bbial\/archiwumstrony\/","logo":{"@type":"ImageObject","inLanguage":"pl-PL","@id":"https:\/\/www.solidarnosc.org.pl\/bbial\/archiwumstrony\/#\/schema\/logo\/image\/","url":"https:\/\/www.solidarnosc.org.pl\/bbial\/archiwumstrony\/wp-content\/uploads\/2023\/10\/logo-nszz-s-podeskidzie.jpg","contentUrl":"https:\/\/www.solidarnosc.org.pl\/bbial\/archiwumstrony\/wp-content\/uploads\/2023\/10\/logo-nszz-s-podeskidzie.jpg","width":1626,"height":1030,"caption":"NSZZ SOLIDARNO\u015a\u0106"},"image":{"@id":"https:\/\/www.solidarnosc.org.pl\/bbial\/archiwumstrony\/#\/schema\/logo\/image\/"},"sameAs":["https:\/\/www.facebook.com\/RegionPodbeskidzieNSZZSolidarnosc\/?locale=pl_PL"]}]}},"_links":{"self":[{"href":"https:\/\/www.solidarnosc.org.pl\/bbial\/archiwumstrony\/wp-json\/wp\/v2\/pages\/1376"}],"collection":[{"href":"https:\/\/www.solidarnosc.org.pl\/bbial\/archiwumstrony\/wp-json\/wp\/v2\/pages"}],"about":[{"href":"https:\/\/www.solidarnosc.org.pl\/bbial\/archiwumstrony\/wp-json\/wp\/v2\/types\/page"}],"author":[{"embeddable":true,"href":"https:\/\/www.solidarnosc.org.pl\/bbial\/archiwumstrony\/wp-json\/wp\/v2\/users\/1"}],"replies":[{"embeddable":true,"href":"https:\/\/www.solidarnosc.org.pl\/bbial\/archiwumstrony\/wp-json\/wp\/v2\/comments?post=1376"}],"version-history":[{"count":55,"href":"https:\/\/www.solidarnosc.org.pl\/bbial\/archiwumstrony\/wp-json\/wp\/v2\/pages\/1376\/revisions"}],"predecessor-version":[{"id":34750,"href":"https:\/\/www.solidarnosc.org.pl\/bbial\/archiwumstrony\/wp-json\/wp\/v2\/pages\/1376\/revisions\/34750"}],"wp:attachment":[{"href":"https:\/\/www.solidarnosc.org.pl\/bbial\/archiwumstrony\/wp-json\/wp\/v2\/media?parent=1376"}],"curies":[{"name":"wp","href":"https:\/\/api.w.org\/{rel}","templated":true}]}}