{"id":1057,"date":"2015-09-03T17:16:24","date_gmt":"2015-09-03T17:16:24","guid":{"rendered":"https:\/\/www.solidarnosc.org.pl\/bbial\/archiwumstrony\/?page_id=1057"},"modified":"2017-01-04T09:01:03","modified_gmt":"2017-01-04T09:01:03","slug":"przydatne-linki","status":"publish","type":"page","link":"https:\/\/www.solidarnosc.org.pl\/bbial\/archiwumstrony\/przydatne-linki\/","title":{"rendered":"PRZYDATNE LINKI"},"content":{"rendered":"<div class=\"swm_column swm_one_half first \"> <a href=\"http:\/\/www.solidarnosc.org.pl\/\" target=\"blank\"><span style=\"color: #808080;\">Komisja Krajowa NSZZ &#8222;Solidarno\u015b\u0107&#8221;<\/span><br \/>\n<\/a><br \/>\n<b>Prawo<\/b><br \/>\n<span style=\"color: #808080;\"><a style=\"color: #808080;\" href=\"http:\/\/www.msp.money.pl\/akty_prawne\/\" target=\"blank\">Archiwum akt\u00f3w prawnych<br \/>\n<\/a><a style=\"color: #808080;\" href=\"http:\/\/www.abc.com.pl\/?cmd=akty_prawne\" target=\"blank\">Najnowsze akty prawne<br \/>\n<\/a><a style=\"color: #808080;\" href=\"http:\/\/www.sejm.gov.pl\/\" target=\"blank\">Sejm Rzeczpospolitej Polskiej<br \/>\n<\/a><a style=\"color: #808080;\" href=\"http:\/\/www.cba.gov.pl\/\" target=\"blank\">Centralne Biuro Antykorupcyjne<br \/>\n<\/a><\/span><a href=\"http:\/\/www.prawnie.pl\/\" target=\"blank\"><span style=\"color: #808080;\">E-prawo (prawo jest dla ludzi)<\/span><br \/>\n<\/a><br \/>\n<b>Pa\u0144stwowa Inspekcja Pracy<\/b><br \/>\n<span style=\"color: #808080;\"><a style=\"color: #808080;\" href=\"http:\/\/www.bip.pip.gov.pl\/\" target=\"blank\">Biuletyn Informacyjny PIP<\/a><\/span><br \/>\n<a href=\"http:\/\/www.katowice.oip.pl\/?act=glowna\" target=\"blank\"><span style=\"color: #808080;\">Okr\u0119gowy Inspektorat Pracy w Katowicach<\/span><\/a><\/p>\n<p><strong><span style=\"color: #333333;\"><a style=\"color: #333333;\" href=\"http:\/\/www.dialog.gov.pl\/\" target=\"_blank\">Dialog spo\u0142eczny<br \/>\n<\/a><\/span><\/strong><\/p>\n<p><b>G\u0142\u00f3wny Urz\u0105d Statystyczny<\/b><br \/>\n<span style=\"color: #808080;\"><a style=\"color: #808080;\" href=\"http:\/\/stat.gov.pl\/\" target=\"_blank\">G\u0142\u00f3wny Urz\u0105d Statystyczny w Warszawie<\/a><a style=\"color: #808080;\" href=\"http:\/\/www.stat.gov.pl\/cps\/rde\/xchg\/gus\" target=\"blank\"><br \/>\n<\/a><a style=\"color: #808080;\" href=\"http:\/\/katowice.stat.gov.pl\/co-gdzie-jak-zalatwic\/jak-zamowic-dane\/kontakt-bezposredni\/\" target=\"_blank\">G\u0142\u00f3wny Urz\u0105d Statystyczny Oddzia\u0142 w Bielsku-Bia\u0142ej<\/a><a style=\"color: #808080;\" href=\"http:\/\/www.stat.gov.pl\/katow\/61_PLK_HTML.htm\" target=\"blank\"><br \/>\n<\/a><a style=\"color: #808080;\" href=\"http:\/\/katowice.stat.gov.pl\/\" target=\"_blank\">G\u0142\u00f3wny Urz\u0105d Statystyczny w Katowicach<\/a><a style=\"color: #808080;\" href=\"http:\/\/www.stat.gov.pl\/urzedy\/katow\/index.htm\" target=\"blank\"><br \/>\n<\/a><\/span><br \/>\n<span style=\"color: #808080;\"><a style=\"color: #808080;\" href=\"http:\/\/www.ciop.pl\/\" target=\"blank\">Centralny Instytut Ochrony Pracy<br \/>\n<\/a><\/span><br \/>\n<b>Urz\u0119dy Miast<br \/>\n<\/b><span style=\"color: #808080;\"><a style=\"color: #808080;\" href=\"http:\/\/www.um.bielsko.pl\/\" target=\"_blank\">Bielsko-Bia\u0142a<\/a><\/span><br \/>\n<span style=\"color: #808080;\"><a style=\"color: #808080;\" href=\"http:\/\/www.um.cieszyn.pl\/\" target=\"blank\">Cieszyn<br \/>\n<\/a><a style=\"color: #808080;\" href=\"http:\/\/www.um.oswiecim.pl\/\" target=\"blank\">O\u015bwi\u0119cim<br \/>\n<\/a><a style=\"color: #808080;\" href=\"http:\/\/www.um.skoczow.pl\/\" target=\"blank\">Skocz\u00f3w<br \/>\n<\/a><a style=\"color: #808080;\" href=\"http:\/\/www.sucha-beskidzka.pl\/pl\" target=\"_blank\">Sucha Beskidzka<\/a><a style=\"color: #808080;\" href=\"http:\/\/www.sucha-beskidzka.pl\/miasto\/index.php\" target=\"blank\"><br \/>\n<\/a><\/span><a href=\"http:\/\/www.zywiec.pl\/\" target=\"blank\"><span style=\"color: #808080;\">\u017bywiec<\/span><br \/>\n<\/a><br \/>\n<b>Portale<\/b><br \/>\n<a href=\"http:\/\/www.ox.pl\/\" target=\"blank\"><span style=\"color: #808080;\">Portal \u015al\u0105ska Cieszy\u0144skego<\/span><br \/>\n<\/a><br \/>\n<b>Historia<\/b><br \/>\n<span style=\"color: #808080;\"><a style=\"color: #808080;\" href=\"http:\/\/www.encyklopedia-solidarnosci.pl\/wiki\/index.php?title=Strona_g%C5%82%C3%B3wna\" target=\"blank\">Encyklopedia &#8222;Solidarno\u015bci&#8221;<\/a><\/span><\/div>\n<div class=\"swm_column swm_one_half  \"> <img class=\"aligncenter wp-image-1466 size-full\" src=\"https:\/\/www.solidarnosc.org.pl\/bbial\/archiwumstrony\/wp-content\/uploads\/2015\/09\/linki-solidarno\u015b\u0107.png\" alt=\"linki-solidarno\u015b\u0107\" width=\"600\" height=\"429\" srcset=\"https:\/\/www.solidarnosc.org.pl\/bbial\/archiwumstrony\/wp-content\/uploads\/2015\/09\/linki-solidarno\u015b\u0107.png 600w, https:\/\/www.solidarnosc.org.pl\/bbial\/archiwumstrony\/wp-content\/uploads\/2015\/09\/linki-solidarno\u015b\u0107-300x215.png 300w, https:\/\/www.solidarnosc.org.pl\/bbial\/archiwumstrony\/wp-content\/uploads\/2015\/09\/linki-solidarno\u015b\u0107-478x342.png 478w\" sizes=\"(max-width: 600px) 100vw, 600px\" \/>\u00a0<\/div>\n","protected":false},"excerpt":{"rendered":"","protected":false},"author":1,"featured_media":0,"parent":0,"menu_order":0,"comment_status":"open","ping_status":"open","template":"","meta":{"_links_to":"","_links_to_target":""},"yoast_head":"<!-- This site is optimized with the Yoast SEO plugin v20.6-RC4 - https:\/\/yoast.com\/wordpress\/plugins\/seo\/ -->\n<title>&#032;-&#032; PRZYDATNE LINKI<\/title>\n<meta name=\"robots\" content=\"index, follow, max-snippet:-1, max-image-preview:large, max-video-preview:-1\" \/>\n<link rel=\"canonical\" href=\"https:\/\/www.solidarnosc.org.pl\/bbial\/archiwumstrony\/przydatne-linki\/\" \/>\n<meta property=\"og:locale\" content=\"pl_PL\" \/>\n<meta property=\"og:type\" content=\"article\" \/>\n<meta property=\"og:title\" content=\"&#032;-&#032; PRZYDATNE LINKI\" \/>\n<meta property=\"og:url\" content=\"https:\/\/www.solidarnosc.org.pl\/bbial\/archiwumstrony\/przydatne-linki\/\" \/>\n<meta property=\"og:site_name\" content=\"NSZZ SOLIDARNO\u015a\u0106\" \/>\n<meta property=\"article:publisher\" content=\"https:\/\/www.facebook.com\/RegionPodbeskidzieNSZZSolidarnosc\/?locale=pl_PL\" \/>\n<meta property=\"article:modified_time\" content=\"2017-01-04T09:01:03+00:00\" \/>\n<meta property=\"og:image\" content=\"https:\/\/www.solidarnosc.org.pl\/bbial\/archiwumstrony\/wp-content\/uploads\/2023\/10\/logo-nszz-s-podeskidzie.jpg\" \/>\n\t<meta property=\"og:image:width\" content=\"1626\" \/>\n\t<meta property=\"og:image:height\" content=\"1030\" \/>\n\t<meta property=\"og:image:type\" content=\"image\/jpeg\" \/>\n<meta name=\"twitter:card\" content=\"summary_large_image\" \/>\n<meta name=\"twitter:label1\" content=\"Szacowany czas czytania\" \/>\n\t<meta name=\"twitter:data1\" content=\"1 minuta\" \/>\n<script type=\"application\/ld+json\" class=\"yoast-schema-graph\">{\"@context\":\"https:\/\/schema.org\",\"@graph\":[{\"@type\":\"WebPage\",\"@id\":\"https:\/\/www.solidarnosc.org.pl\/bbial\/archiwumstrony\/przydatne-linki\/\",\"url\":\"https:\/\/www.solidarnosc.org.pl\/bbial\/archiwumstrony\/przydatne-linki\/\",\"name\":\"&#32;-&#32; PRZYDATNE LINKI\",\"isPartOf\":{\"@id\":\"https:\/\/www.solidarnosc.org.pl\/bbial\/archiwumstrony\/#website\"},\"datePublished\":\"2015-09-03T17:16:24+00:00\",\"dateModified\":\"2017-01-04T09:01:03+00:00\",\"breadcrumb\":{\"@id\":\"https:\/\/www.solidarnosc.org.pl\/bbial\/archiwumstrony\/przydatne-linki\/#breadcrumb\"},\"inLanguage\":\"pl-PL\",\"potentialAction\":[{\"@type\":\"ReadAction\",\"target\":[\"https:\/\/www.solidarnosc.org.pl\/bbial\/archiwumstrony\/przydatne-linki\/\"]}]},{\"@type\":\"BreadcrumbList\",\"@id\":\"https:\/\/www.solidarnosc.org.pl\/bbial\/archiwumstrony\/przydatne-linki\/#breadcrumb\",\"itemListElement\":[{\"@type\":\"ListItem\",\"position\":1,\"name\":\"Strona g\u0142\u00f3wna\",\"item\":\"https:\/\/www.solidarnosc.org.pl\/bbial\/archiwumstrony\/\"},{\"@type\":\"ListItem\",\"position\":2,\"name\":\"PRZYDATNE LINKI\"}]},{\"@type\":\"WebSite\",\"@id\":\"https:\/\/www.solidarnosc.org.pl\/bbial\/archiwumstrony\/#website\",\"url\":\"https:\/\/www.solidarnosc.org.pl\/bbial\/archiwumstrony\/\",\"name\":\"NSZZ SOLIDARNO\u015a\u0106\",\"description\":\"Region Podbeskidzie\",\"publisher\":{\"@id\":\"https:\/\/www.solidarnosc.org.pl\/bbial\/archiwumstrony\/#organization\"},\"potentialAction\":[{\"@type\":\"SearchAction\",\"target\":{\"@type\":\"EntryPoint\",\"urlTemplate\":\"https:\/\/www.solidarnosc.org.pl\/bbial\/archiwumstrony\/?s={search_term_string}\"},\"query-input\":\"required name=search_term_string\"}],\"inLanguage\":\"pl-PL\"},{\"@type\":\"Organization\",\"@id\":\"https:\/\/www.solidarnosc.org.pl\/bbial\/archiwumstrony\/#organization\",\"name\":\"NSZZ SOLIDARNO\u015a\u0106\",\"url\":\"https:\/\/www.solidarnosc.org.pl\/bbial\/archiwumstrony\/\",\"logo\":{\"@type\":\"ImageObject\",\"inLanguage\":\"pl-PL\",\"@id\":\"https:\/\/www.solidarnosc.org.pl\/bbial\/archiwumstrony\/#\/schema\/logo\/image\/\",\"url\":\"https:\/\/www.solidarnosc.org.pl\/bbial\/archiwumstrony\/wp-content\/uploads\/2023\/10\/logo-nszz-s-podeskidzie.jpg\",\"contentUrl\":\"https:\/\/www.solidarnosc.org.pl\/bbial\/archiwumstrony\/wp-content\/uploads\/2023\/10\/logo-nszz-s-podeskidzie.jpg\",\"width\":1626,\"height\":1030,\"caption\":\"NSZZ SOLIDARNO\u015a\u0106\"},\"image\":{\"@id\":\"https:\/\/www.solidarnosc.org.pl\/bbial\/archiwumstrony\/#\/schema\/logo\/image\/\"},\"sameAs\":[\"https:\/\/www.facebook.com\/RegionPodbeskidzieNSZZSolidarnosc\/?locale=pl_PL\"]}]}<\/script>\n<!-- \/ Yoast SEO plugin. -->","yoast_head_json":{"title":"&#32;-&#32; PRZYDATNE LINKI","robots":{"index":"index","follow":"follow","max-snippet":"max-snippet:-1","max-image-preview":"max-image-preview:large","max-video-preview":"max-video-preview:-1"},"canonical":"https:\/\/www.solidarnosc.org.pl\/bbial\/archiwumstrony\/przydatne-linki\/","og_locale":"pl_PL","og_type":"article","og_title":"&#32;-&#32; PRZYDATNE LINKI","og_url":"https:\/\/www.solidarnosc.org.pl\/bbial\/archiwumstrony\/przydatne-linki\/","og_site_name":"NSZZ SOLIDARNO\u015a\u0106","article_publisher":"https:\/\/www.facebook.com\/RegionPodbeskidzieNSZZSolidarnosc\/?locale=pl_PL","article_modified_time":"2017-01-04T09:01:03+00:00","og_image":[{"width":1626,"height":1030,"url":"https:\/\/www.solidarnosc.org.pl\/bbial\/archiwumstrony\/wp-content\/uploads\/2023\/10\/logo-nszz-s-podeskidzie.jpg","type":"image\/jpeg"}],"twitter_card":"summary_large_image","twitter_misc":{"Szacowany czas czytania":"1 minuta"},"schema":{"@context":"https:\/\/schema.org","@graph":[{"@type":"WebPage","@id":"https:\/\/www.solidarnosc.org.pl\/bbial\/archiwumstrony\/przydatne-linki\/","url":"https:\/\/www.solidarnosc.org.pl\/bbial\/archiwumstrony\/przydatne-linki\/","name":"&#32;-&#32; PRZYDATNE LINKI","isPartOf":{"@id":"https:\/\/www.solidarnosc.org.pl\/bbial\/archiwumstrony\/#website"},"datePublished":"2015-09-03T17:16:24+00:00","dateModified":"2017-01-04T09:01:03+00:00","breadcrumb":{"@id":"https:\/\/www.solidarnosc.org.pl\/bbial\/archiwumstrony\/przydatne-linki\/#breadcrumb"},"inLanguage":"pl-PL","potentialAction":[{"@type":"ReadAction","target":["https:\/\/www.solidarnosc.org.pl\/bbial\/archiwumstrony\/przydatne-linki\/"]}]},{"@type":"BreadcrumbList","@id":"https:\/\/www.solidarnosc.org.pl\/bbial\/archiwumstrony\/przydatne-linki\/#breadcrumb","itemListElement":[{"@type":"ListItem","position":1,"name":"Strona g\u0142\u00f3wna","item":"https:\/\/www.solidarnosc.org.pl\/bbial\/archiwumstrony\/"},{"@type":"ListItem","position":2,"name":"PRZYDATNE LINKI"}]},{"@type":"WebSite","@id":"https:\/\/www.solidarnosc.org.pl\/bbial\/archiwumstrony\/#website","url":"https:\/\/www.solidarnosc.org.pl\/bbial\/archiwumstrony\/","name":"NSZZ SOLIDARNO\u015a\u0106","description":"Region Podbeskidzie","publisher":{"@id":"https:\/\/www.solidarnosc.org.pl\/bbial\/archiwumstrony\/#organization"},"potentialAction":[{"@type":"SearchAction","target":{"@type":"EntryPoint","urlTemplate":"https:\/\/www.solidarnosc.org.pl\/bbial\/archiwumstrony\/?s={search_term_string}"},"query-input":"required name=search_term_string"}],"inLanguage":"pl-PL"},{"@type":"Organization","@id":"https:\/\/www.solidarnosc.org.pl\/bbial\/archiwumstrony\/#organization","name":"NSZZ SOLIDARNO\u015a\u0106","url":"https:\/\/www.solidarnosc.org.pl\/bbial\/archiwumstrony\/","logo":{"@type":"ImageObject","inLanguage":"pl-PL","@id":"https:\/\/www.solidarnosc.org.pl\/bbial\/archiwumstrony\/#\/schema\/logo\/image\/","url":"https:\/\/www.solidarnosc.org.pl\/bbial\/archiwumstrony\/wp-content\/uploads\/2023\/10\/logo-nszz-s-podeskidzie.jpg","contentUrl":"https:\/\/www.solidarnosc.org.pl\/bbial\/archiwumstrony\/wp-content\/uploads\/2023\/10\/logo-nszz-s-podeskidzie.jpg","width":1626,"height":1030,"caption":"NSZZ SOLIDARNO\u015a\u0106"},"image":{"@id":"https:\/\/www.solidarnosc.org.pl\/bbial\/archiwumstrony\/#\/schema\/logo\/image\/"},"sameAs":["https:\/\/www.facebook.com\/RegionPodbeskidzieNSZZSolidarnosc\/?locale=pl_PL"]}]}},"_links":{"self":[{"href":"https:\/\/www.solidarnosc.org.pl\/bbial\/archiwumstrony\/wp-json\/wp\/v2\/pages\/1057"}],"collection":[{"href":"https:\/\/www.solidarnosc.org.pl\/bbial\/archiwumstrony\/wp-json\/wp\/v2\/pages"}],"about":[{"href":"https:\/\/www.solidarnosc.org.pl\/bbial\/archiwumstrony\/wp-json\/wp\/v2\/types\/page"}],"author":[{"embeddable":true,"href":"https:\/\/www.solidarnosc.org.pl\/bbial\/archiwumstrony\/wp-json\/wp\/v2\/users\/1"}],"replies":[{"embeddable":true,"href":"https:\/\/www.solidarnosc.org.pl\/bbial\/archiwumstrony\/wp-json\/wp\/v2\/comments?post=1057"}],"version-history":[{"count":18,"href":"https:\/\/www.solidarnosc.org.pl\/bbial\/archiwumstrony\/wp-json\/wp\/v2\/pages\/1057\/revisions"}],"predecessor-version":[{"id":6928,"href":"https:\/\/www.solidarnosc.org.pl\/bbial\/archiwumstrony\/wp-json\/wp\/v2\/pages\/1057\/revisions\/6928"}],"wp:attachment":[{"href":"https:\/\/www.solidarnosc.org.pl\/bbial\/archiwumstrony\/wp-json\/wp\/v2\/media?parent=1057"}],"curies":[{"name":"wp","href":"https:\/\/api.w.org\/{rel}","templated":true}]}}