{"id":1033,"date":"2015-09-03T17:05:49","date_gmt":"2015-09-03T17:05:49","guid":{"rendered":"https:\/\/www.solidarnosc.org.pl\/bbial\/archiwumstrony\/?page_id=1033"},"modified":"2023-08-07T13:13:00","modified_gmt":"2023-08-07T11:13:00","slug":"zarzad","status":"publish","type":"page","link":"https:\/\/www.solidarnosc.org.pl\/bbial\/archiwumstrony\/zarzad\/","title":{"rendered":"ZARZ\u0104D"},"content":{"rendered":"<div id=\"\" class=\"swm_full_width_section swm_section_prallax swm_parallax_on swm_full_stretch\" style=\" background-color:#ffffff;background-size: cover;  padding-top:10px; padding-bottom:40px; margin-top:; margin-bottom:; color:#606060;  \" data-bg-scrollSpeed=\"2.5\" data-parallaxtest=\"true\"><div class=\"swm_container\">\n<h2 style=\"text-align: center;\"><b>Cz\u0142onkowie Prezydium Zarz\u0105du Regionu Podbeskidzie NSZZ &#8222;Solidarno\u015b\u0107&#8221;<\/b><\/h2>\n<p style=\"text-align: center;\"><div class=\"su-divider su-divider-style-default\" style=\"margin:15px 0;border-width:3px;border-color:#054c73\"><\/div>\n<div class=\"swm_team_members\"><div class=\"swm_column swm_one_fourth first\"><div class=\"tm_img\"><img src=\"https:\/\/www.solidarnosc.org.pl\/bbial\/archiwumstrony\/wp-content\/uploads\/2015\/09\/marek_bogusz_solidarno\u015b\u0107.png\" alt=\"\"><div class=\"clear\"><\/div><\/div><div class=\"tm_box_content\"><div class=\"team-arrow-up\"><\/div><div class=\"member_name\">Marek Bogusz<span>Przewodnicz\u0105cy ZR <strong>przew.bbial@solidarnosc.org.pl<\/strong><\/span><\/div><\/div><\/div><\/div>\n<div class=\"swm_team_members\"><div class=\"swm_column swm_one_fourth second\"><div class=\"tm_img\"><img src=\"https:\/\/www.solidarnosc.org.pl\/bbial\/archiwumstrony\/wp-content\/uploads\/2023\/08\/Lewandowski_Lukasz-2.jpg\" alt=\"\"><div class=\"clear\"><\/div><\/div><div class=\"tm_box_content\"><div class=\"team-arrow-up\"><\/div><div class=\"member_name\">\u0141ukasz Lewandowski<span>Sekretarz ZR <strong>sekr.bbial@solidarnosc.org.pl<\/strong><\/span><\/div><\/div><\/div><\/div>\n<div class=\"swm_team_members\"><div class=\"swm_column swm_one_fourth third\"><div class=\"tm_img\"><img src=\"https:\/\/www.solidarnosc.org.pl\/bbial\/archiwumstrony\/wp-content\/uploads\/2023\/08\/Kolodziejski_Andrzej.jpg\" alt=\"\"><div class=\"clear\"><\/div><\/div><div class=\"tm_box_content\"><div class=\"team-arrow-up\"><\/div><div class=\"member_name\">Andrzej Ko\u0142odziejski<span>Skarbnik ZR <strong>skarb.bbia<\/strong><strong>l@solidarnosc.org.pl<\/strong><\/span><\/div><\/div><\/div><\/div>\n<div class=\"swm_team_members\"><div class=\"swm_column swm_one_fourth fourth\"><div class=\"tm_img\"><img src=\"https:\/\/www.solidarnosc.org.pl\/bbial\/archiwumstrony\/wp-content\/uploads\/2015\/09\/piotr_golab-300x300.png\" alt=\"\"><div class=\"clear\"><\/div><\/div><div class=\"tm_box_content\"><div class=\"team-arrow-up\"><\/div><div class=\"member_name\">Piotr Go\u0142\u0105b<span>Cz\u0142onek Prezydium ZR <strong>drz.bbial@solidarnosc.org.pl<\/strong><\/span><\/div><\/div><\/div><\/div>\u00a0<\/p>\n<h2 style=\"text-align: center;\"><b><div class=\"su-divider su-divider-style-default\" style=\"margin:15px 0;border-width:3px;border-color:#054c73\"><\/div><\/b><\/h2>\n<h3 style=\"text-align: center;\"><b>Cz\u0142onkowie ZR Podbeskidzie NSZZ &#8222;Solidarno\u015b\u0107&#8221;<\/b><\/h3>\n<div class=\"swm_column swm_one_half first \">\n<ul>\n<li><strong>Babij Grzegorz (PG \u201eSilesia\u201d)<\/strong><\/li>\n<li><strong>Biegun Andrzej (Browar \u017bywiec)<\/strong><\/li>\n<li><strong>Bogusz Marek (Tauron Ciep\u0142o)<\/strong><\/li>\n<li><strong>Bryl Adam (ABB)<\/strong><\/li>\n<li><strong>Chrz\u0105szcz Jerzy (Starostwo Powiatowe w O\u015bwi\u0119cimiu)<\/strong><\/li>\n<li><strong>Czerwik Joanna (Oddzia\u0142 \u201eS\u201d O\u015bwi\u0119cim)<\/strong><\/li>\n<li><strong>Dziasek Ryszard (Teksid Iron Skocz\u00f3w)<\/strong><\/li>\n<li><strong>Gala Jacek (\u017bywiec Zdr\u00f3j)<\/strong><\/li>\n<li><strong><span style=\"text-decoration: underline;\">Go\u0142\u0105b Piotr<\/span><\/strong><span style=\"text-decoration: underline;\">* (Sekcja Ochrony Zdrowia)<\/span><\/li>\n<li><strong>Janoszek Barbara (Aptiv Jele\u015bnia)<\/strong><\/li>\n<li><strong>Jaworski Krzysztof (Grupa K\u0119ty)<\/strong><\/li>\n<li><strong>Kitowski Miros\u0142aw (Polifarb Cieszyn)<\/strong><\/li>\n<li><strong>Klajman Jaros\u0142aw (Tauron Ciep\u0142o B-B)<\/strong><\/li>\n<li><strong>Ko\u0142der Roman (Paged)<\/strong><\/li>\n<li><strong>Ko\u0142odziejski Andrzej (S\u0142u\u017cba Wi\u0119zienna)<\/strong><\/li>\n<li><strong>Kubas Miros\u0142aw (Nadle\u015bnictwo Bielsko)<\/strong><\/li>\n<li><strong>Kubica Andrzej (Hutchinson 1 \u017bywiec)<\/strong><\/li>\n<li><strong><span style=\"text-decoration: underline;\">Kurasiewicz Justyna<\/span><\/strong><span style=\"text-decoration: underline;\">* (Sekcja O\u015bwiaty i Wychowania)<\/span><\/li>\n<\/ul>\n<\/div> <br \/><div class=\"swm_column swm_one_half  \">\n<ul>\n<li><strong>Lewandowski \u0141ukasz (FCA B-B)<\/strong><\/li>\n<li><strong>\u0141abuz Pawe\u0142 (Sews Cabind \u017bywiec)<\/strong><\/li>\n<li><strong>\u0141ukowski Piotr (MZK B-B)<\/strong><\/li>\n<li><strong>Marek Micha\u0142 (Oddzia\u0142 \u201eS\u201d Cieszyn)<\/strong><\/li>\n<li><strong>Ma\u017cul Maciej (Babiog\u00f3rski PN Zawoja)<\/strong><\/li>\n<li><strong>Mynarski Henryk (Ceva B-B)<\/strong><\/li>\n<li><strong>Niedbalski Mariusz (Best Autotech Poland)<\/strong><\/li>\n<li><strong>Niemczyk Micha\u0142 (Policja)<\/strong><\/li>\n<li><strong><span style=\"text-decoration: underline;\">Pezda Jan<\/span><\/strong><span style=\"text-decoration: underline;\">* (Sekcja Bran\u017cy Metalowc\u00f3w)<\/span><\/li>\n<li><strong>Pietrzyk Mateusz (Stra\u017c Po\u017carna Bielsko)<\/strong><\/li>\n<li><strong>P\u0142onka Ewa (Celma-Indukta S.A.)<\/strong><\/li>\n<li><strong>Schmeichel Krzysztof (\u015arubena \u017bywiec)<\/strong><\/li>\n<li><strong>Skrzyp Stanis\u0142aw (Famed \u017bywiec)<\/strong><\/li>\n<li><strong>Sobczyk Adam (UNIMOT Terminale SA)<\/strong><\/li>\n<li><strong><span style=\"text-decoration: underline;\">Szczepa\u0144ska Maria<\/span><\/strong><span style=\"text-decoration: underline;\">* (Sekcja Emeryt\u00f3w i Rencist\u00f3w)<\/span><\/li>\n<li><strong>Talaga Krzysztof (Enersys)<\/strong><\/li>\n<li><strong>Tyra\u0142a Rafa\u0142 (Proseat B-B)<\/strong><\/li>\n<\/ul>\n<\/div>\n<hr \/>\n<p>*) Przewodnicz\u0105cy Sekcji Regionalnej<\/p>\n<div class=\"clear\"><\/div><\/div><\/div>\n","protected":false},"excerpt":{"rendered":"","protected":false},"author":1,"featured_media":0,"parent":0,"menu_order":0,"comment_status":"open","ping_status":"open","template":"templates\/100-width.php","meta":{"_links_to":"","_links_to_target":""},"yoast_head":"<!-- This site is optimized with the Yoast SEO plugin v20.6-RC4 - https:\/\/yoast.com\/wordpress\/plugins\/seo\/ -->\n<title>&#032;-&#032; ZARZ\u0104D<\/title>\n<meta name=\"robots\" content=\"index, follow, max-snippet:-1, max-image-preview:large, max-video-preview:-1\" \/>\n<link rel=\"canonical\" href=\"https:\/\/www.solidarnosc.org.pl\/bbial\/archiwumstrony\/zarzad\/\" \/>\n<meta property=\"og:locale\" content=\"pl_PL\" \/>\n<meta property=\"og:type\" content=\"article\" \/>\n<meta property=\"og:title\" content=\"&#032;-&#032; ZARZ\u0104D\" \/>\n<meta property=\"og:url\" content=\"https:\/\/www.solidarnosc.org.pl\/bbial\/archiwumstrony\/zarzad\/\" \/>\n<meta property=\"og:site_name\" content=\"NSZZ SOLIDARNO\u015a\u0106\" \/>\n<meta property=\"article:publisher\" content=\"https:\/\/www.facebook.com\/RegionPodbeskidzieNSZZSolidarnosc\/?locale=pl_PL\" \/>\n<meta property=\"article:modified_time\" content=\"2023-08-07T11:13:00+00:00\" \/>\n<meta property=\"og:image\" content=\"https:\/\/www.solidarnosc.org.pl\/bbial\/archiwumstrony\/wp-content\/uploads\/2023\/10\/logo-nszz-s-podeskidzie.jpg\" \/>\n\t<meta property=\"og:image:width\" content=\"1626\" \/>\n\t<meta property=\"og:image:height\" content=\"1030\" \/>\n\t<meta property=\"og:image:type\" content=\"image\/jpeg\" \/>\n<meta name=\"twitter:card\" content=\"summary_large_image\" \/>\n<meta name=\"twitter:label1\" content=\"Szacowany czas czytania\" \/>\n\t<meta name=\"twitter:data1\" content=\"2 minuty\" \/>\n<script type=\"application\/ld+json\" class=\"yoast-schema-graph\">{\"@context\":\"https:\/\/schema.org\",\"@graph\":[{\"@type\":\"WebPage\",\"@id\":\"https:\/\/www.solidarnosc.org.pl\/bbial\/archiwumstrony\/zarzad\/\",\"url\":\"https:\/\/www.solidarnosc.org.pl\/bbial\/archiwumstrony\/zarzad\/\",\"name\":\"&#32;-&#32; ZARZ\u0104D\",\"isPartOf\":{\"@id\":\"https:\/\/www.solidarnosc.org.pl\/bbial\/archiwumstrony\/#website\"},\"datePublished\":\"2015-09-03T17:05:49+00:00\",\"dateModified\":\"2023-08-07T11:13:00+00:00\",\"breadcrumb\":{\"@id\":\"https:\/\/www.solidarnosc.org.pl\/bbial\/archiwumstrony\/zarzad\/#breadcrumb\"},\"inLanguage\":\"pl-PL\",\"potentialAction\":[{\"@type\":\"ReadAction\",\"target\":[\"https:\/\/www.solidarnosc.org.pl\/bbial\/archiwumstrony\/zarzad\/\"]}]},{\"@type\":\"BreadcrumbList\",\"@id\":\"https:\/\/www.solidarnosc.org.pl\/bbial\/archiwumstrony\/zarzad\/#breadcrumb\",\"itemListElement\":[{\"@type\":\"ListItem\",\"position\":1,\"name\":\"Strona g\u0142\u00f3wna\",\"item\":\"https:\/\/www.solidarnosc.org.pl\/bbial\/archiwumstrony\/\"},{\"@type\":\"ListItem\",\"position\":2,\"name\":\"ZARZ\u0104D\"}]},{\"@type\":\"WebSite\",\"@id\":\"https:\/\/www.solidarnosc.org.pl\/bbial\/archiwumstrony\/#website\",\"url\":\"https:\/\/www.solidarnosc.org.pl\/bbial\/archiwumstrony\/\",\"name\":\"NSZZ SOLIDARNO\u015a\u0106\",\"description\":\"Region Podbeskidzie\",\"publisher\":{\"@id\":\"https:\/\/www.solidarnosc.org.pl\/bbial\/archiwumstrony\/#organization\"},\"potentialAction\":[{\"@type\":\"SearchAction\",\"target\":{\"@type\":\"EntryPoint\",\"urlTemplate\":\"https:\/\/www.solidarnosc.org.pl\/bbial\/archiwumstrony\/?s={search_term_string}\"},\"query-input\":\"required name=search_term_string\"}],\"inLanguage\":\"pl-PL\"},{\"@type\":\"Organization\",\"@id\":\"https:\/\/www.solidarnosc.org.pl\/bbial\/archiwumstrony\/#organization\",\"name\":\"NSZZ SOLIDARNO\u015a\u0106\",\"url\":\"https:\/\/www.solidarnosc.org.pl\/bbial\/archiwumstrony\/\",\"logo\":{\"@type\":\"ImageObject\",\"inLanguage\":\"pl-PL\",\"@id\":\"https:\/\/www.solidarnosc.org.pl\/bbial\/archiwumstrony\/#\/schema\/logo\/image\/\",\"url\":\"https:\/\/www.solidarnosc.org.pl\/bbial\/archiwumstrony\/wp-content\/uploads\/2023\/10\/logo-nszz-s-podeskidzie.jpg\",\"contentUrl\":\"https:\/\/www.solidarnosc.org.pl\/bbial\/archiwumstrony\/wp-content\/uploads\/2023\/10\/logo-nszz-s-podeskidzie.jpg\",\"width\":1626,\"height\":1030,\"caption\":\"NSZZ SOLIDARNO\u015a\u0106\"},\"image\":{\"@id\":\"https:\/\/www.solidarnosc.org.pl\/bbial\/archiwumstrony\/#\/schema\/logo\/image\/\"},\"sameAs\":[\"https:\/\/www.facebook.com\/RegionPodbeskidzieNSZZSolidarnosc\/?locale=pl_PL\"]}]}<\/script>\n<!-- \/ Yoast SEO plugin. -->","yoast_head_json":{"title":"&#32;-&#32; ZARZ\u0104D","robots":{"index":"index","follow":"follow","max-snippet":"max-snippet:-1","max-image-preview":"max-image-preview:large","max-video-preview":"max-video-preview:-1"},"canonical":"https:\/\/www.solidarnosc.org.pl\/bbial\/archiwumstrony\/zarzad\/","og_locale":"pl_PL","og_type":"article","og_title":"&#32;-&#32; ZARZ\u0104D","og_url":"https:\/\/www.solidarnosc.org.pl\/bbial\/archiwumstrony\/zarzad\/","og_site_name":"NSZZ SOLIDARNO\u015a\u0106","article_publisher":"https:\/\/www.facebook.com\/RegionPodbeskidzieNSZZSolidarnosc\/?locale=pl_PL","article_modified_time":"2023-08-07T11:13:00+00:00","og_image":[{"width":1626,"height":1030,"url":"https:\/\/www.solidarnosc.org.pl\/bbial\/archiwumstrony\/wp-content\/uploads\/2023\/10\/logo-nszz-s-podeskidzie.jpg","type":"image\/jpeg"}],"twitter_card":"summary_large_image","twitter_misc":{"Szacowany czas czytania":"2 minuty"},"schema":{"@context":"https:\/\/schema.org","@graph":[{"@type":"WebPage","@id":"https:\/\/www.solidarnosc.org.pl\/bbial\/archiwumstrony\/zarzad\/","url":"https:\/\/www.solidarnosc.org.pl\/bbial\/archiwumstrony\/zarzad\/","name":"&#32;-&#32; ZARZ\u0104D","isPartOf":{"@id":"https:\/\/www.solidarnosc.org.pl\/bbial\/archiwumstrony\/#website"},"datePublished":"2015-09-03T17:05:49+00:00","dateModified":"2023-08-07T11:13:00+00:00","breadcrumb":{"@id":"https:\/\/www.solidarnosc.org.pl\/bbial\/archiwumstrony\/zarzad\/#breadcrumb"},"inLanguage":"pl-PL","potentialAction":[{"@type":"ReadAction","target":["https:\/\/www.solidarnosc.org.pl\/bbial\/archiwumstrony\/zarzad\/"]}]},{"@type":"BreadcrumbList","@id":"https:\/\/www.solidarnosc.org.pl\/bbial\/archiwumstrony\/zarzad\/#breadcrumb","itemListElement":[{"@type":"ListItem","position":1,"name":"Strona g\u0142\u00f3wna","item":"https:\/\/www.solidarnosc.org.pl\/bbial\/archiwumstrony\/"},{"@type":"ListItem","position":2,"name":"ZARZ\u0104D"}]},{"@type":"WebSite","@id":"https:\/\/www.solidarnosc.org.pl\/bbial\/archiwumstrony\/#website","url":"https:\/\/www.solidarnosc.org.pl\/bbial\/archiwumstrony\/","name":"NSZZ SOLIDARNO\u015a\u0106","description":"Region Podbeskidzie","publisher":{"@id":"https:\/\/www.solidarnosc.org.pl\/bbial\/archiwumstrony\/#organization"},"potentialAction":[{"@type":"SearchAction","target":{"@type":"EntryPoint","urlTemplate":"https:\/\/www.solidarnosc.org.pl\/bbial\/archiwumstrony\/?s={search_term_string}"},"query-input":"required name=search_term_string"}],"inLanguage":"pl-PL"},{"@type":"Organization","@id":"https:\/\/www.solidarnosc.org.pl\/bbial\/archiwumstrony\/#organization","name":"NSZZ SOLIDARNO\u015a\u0106","url":"https:\/\/www.solidarnosc.org.pl\/bbial\/archiwumstrony\/","logo":{"@type":"ImageObject","inLanguage":"pl-PL","@id":"https:\/\/www.solidarnosc.org.pl\/bbial\/archiwumstrony\/#\/schema\/logo\/image\/","url":"https:\/\/www.solidarnosc.org.pl\/bbial\/archiwumstrony\/wp-content\/uploads\/2023\/10\/logo-nszz-s-podeskidzie.jpg","contentUrl":"https:\/\/www.solidarnosc.org.pl\/bbial\/archiwumstrony\/wp-content\/uploads\/2023\/10\/logo-nszz-s-podeskidzie.jpg","width":1626,"height":1030,"caption":"NSZZ SOLIDARNO\u015a\u0106"},"image":{"@id":"https:\/\/www.solidarnosc.org.pl\/bbial\/archiwumstrony\/#\/schema\/logo\/image\/"},"sameAs":["https:\/\/www.facebook.com\/RegionPodbeskidzieNSZZSolidarnosc\/?locale=pl_PL"]}]}},"_links":{"self":[{"href":"https:\/\/www.solidarnosc.org.pl\/bbial\/archiwumstrony\/wp-json\/wp\/v2\/pages\/1033"}],"collection":[{"href":"https:\/\/www.solidarnosc.org.pl\/bbial\/archiwumstrony\/wp-json\/wp\/v2\/pages"}],"about":[{"href":"https:\/\/www.solidarnosc.org.pl\/bbial\/archiwumstrony\/wp-json\/wp\/v2\/types\/page"}],"author":[{"embeddable":true,"href":"https:\/\/www.solidarnosc.org.pl\/bbial\/archiwumstrony\/wp-json\/wp\/v2\/users\/1"}],"replies":[{"embeddable":true,"href":"https:\/\/www.solidarnosc.org.pl\/bbial\/archiwumstrony\/wp-json\/wp\/v2\/comments?post=1033"}],"version-history":[{"count":116,"href":"https:\/\/www.solidarnosc.org.pl\/bbial\/archiwumstrony\/wp-json\/wp\/v2\/pages\/1033\/revisions"}],"predecessor-version":[{"id":32563,"href":"https:\/\/www.solidarnosc.org.pl\/bbial\/archiwumstrony\/wp-json\/wp\/v2\/pages\/1033\/revisions\/32563"}],"wp:attachment":[{"href":"https:\/\/www.solidarnosc.org.pl\/bbial\/archiwumstrony\/wp-json\/wp\/v2\/media?parent=1033"}],"curies":[{"name":"wp","href":"https:\/\/api.w.org\/{rel}","templated":true}]}}